{"id":8,"date":"2022-03-30T08:27:24","date_gmt":"2022-03-30T08:27:24","guid":{"rendered":"https:\/\/coraxe.eu\/?page_id=8"},"modified":"2024-03-29T08:50:41","modified_gmt":"2024-03-29T08:50:41","slug":"coraxe-polska-uslugowa-drukarnia-i-krojownia-dzianin","status":"publish","type":"page","link":"https:\/\/coraxe.eu\/?page_id=8","title":{"rendered":"O NAS"},"content":{"rendered":"\n<p>O NAS<\/p>\n\n\n\n<p>Jeste\u015bmy firm\u0105 specjalizuj\u0105c\u0105 si\u0119 w produkcji r\u00f3\u017cnorodnych wyrob\u00f3w z wysokiej jako\u015bci dzianin i tkanin. Nasza dzia\u0142alno\u015b\u0107 opiera si\u0119 na w\u0105skim, wyspecjalizowanym zakresie, co pozwala nam \u015bwiadczy\u0107 us\u0142ugi z najwy\u017csz\u0105 staranno\u015bci\u0105 i precyzj\u0105.<\/p>\n\n\n\n<p><strong>Co oferujemy<\/strong><\/p>\n\n\n\n<p>Oferujemy szeroki zakres us\u0142ug, w tym:<\/p>\n\n\n\n<ol class=\"wp-block-list\">\n<li><strong>Krojenie dzianin i tkanin:<\/strong> Dysponujemy zaawansowanym sprz\u0119tem oraz do\u015bwiadczonymi pracownikami, kt\u00f3rzy zapewniaj\u0105 perfekcyjne wykonanie procesu krojenia.<\/li>\n\n\n\n<li><strong>Wydruki sublimacyjne do 1,8 metra:<\/strong> Nasza technologia druku sublimacyjnego umo\u017cliwia precyzyjne i trwa\u0142e wzory na r\u00f3\u017cnorodnych materia\u0142ach, a\u017c do szeroko\u015bci 1,8 metra.<\/li>\n\n\n\n<li><strong>Transfer wydruk\u00f3w sublimacyjnych:<\/strong> Posiadamy umiej\u0119tno\u015bci i do\u015bwiadczenie w transferze wzor\u00f3w sublimacyjnych na r\u00f3\u017cne rodzaje dzianin i tkanin, co pozwala na tworzenie unikatowych produkt\u00f3w.<\/li>\n\n\n\n<li><strong>Przygotowanie projekt\u00f3w zadruku:<\/strong> Nasz zesp\u00f3\u0142 grafik\u00f3w i projektant\u00f3w jest gotowy do pomocy w przygotowaniu i dostosowaniu projekt\u00f3w wed\u0142ug indywidualnych potrzeb klienta.<\/li>\n\n\n\n<li><strong>Przygotowanie plik\u00f3w produkcyjnych:<\/strong> Zapewniamy kompleksowe wsparcie w przygotowaniu plik\u00f3w produkcyjnych, aby proces produkcji przebiega\u0142 sprawnie i efektywnie.<\/li>\n<\/ol>\n\n\n\n<p><strong>Dlaczego my?<\/strong><\/p>\n\n\n\n<ol class=\"wp-block-list\">\n<li><strong>Do\u015bwiadczenie:<\/strong> Jeste\u015bmy do\u015bwiadczon\u0105 firm\u0105, kt\u00f3ra od lat specjalizuje si\u0119 w produkcji wyrob\u00f3w z dzianin i tkanin.<\/li>\n\n\n\n<li><strong>Wysoka jako\u015b\u0107:<\/strong> Dbamy o najwy\u017csz\u0105 jako\u015b\u0107 naszych produkt\u00f3w i us\u0142ug, korzystaj\u0105c z najlepszych materia\u0142\u00f3w i najnowocze\u015bniejszych technologii.<\/li>\n\n\n\n<li><strong>Indywidualne podej\u015bcie:<\/strong> Stawiamy na indywidualne podej\u015bcie do ka\u017cdego klienta, dostosowuj\u0105c nasze us\u0142ugi do ich potrzeb i oczekiwa\u0144.<\/li>\n<\/ol>\n\n\n\n<p>Zapraszamy do kontaktu i wsp\u00f3\u0142pracy. Jeste\u015bmy gotowi sprosta\u0107 nawet najbardziej wymagaj\u0105cym wyzwaniom!<\/p>\n","protected":false},"excerpt":{"rendered":"<p>O NAS Jeste\u015bmy firm\u0105 specjalizuj\u0105c\u0105 si\u0119 w produkcji r\u00f3\u017cnorodnych wyrob\u00f3w z wysokiej jako\u015bci dzianin i tkanin. Nasza dzia\u0142alno\u015b\u0107 opiera si\u0119 na w\u0105skim, wyspecjalizowanym zakresie, co pozwala nam \u015bwiadczy\u0107 us\u0142ugi z najwy\u017csz\u0105 staranno\u015bci\u0105 i precyzj\u0105. Co oferujemy Oferujemy szeroki zakres us\u0142ug, w tym: Dlaczego my? Zapraszamy do kontaktu i wsp\u00f3\u0142pracy. Jeste\u015bmy gotowi sprosta\u0107 nawet najbardziej wymagaj\u0105cym [&hellip;]<\/p>\n","protected":false},"author":1,"featured_media":0,"parent":0,"menu_order":1,"comment_status":"closed","ping_status":"closed","template":"","meta":{"footnotes":""},"class_list":["post-8","page","type-page","status-publish","hentry"],"_links":{"self":[{"href":"https:\/\/coraxe.eu\/index.php?rest_route=\/wp\/v2\/pages\/8","targetHints":{"allow":["GET"]}}],"collection":[{"href":"https:\/\/coraxe.eu\/index.php?rest_route=\/wp\/v2\/pages"}],"about":[{"href":"https:\/\/coraxe.eu\/index.php?rest_route=\/wp\/v2\/types\/page"}],"author":[{"embeddable":true,"href":"https:\/\/coraxe.eu\/index.php?rest_route=\/wp\/v2\/users\/1"}],"replies":[{"embeddable":true,"href":"https:\/\/coraxe.eu\/index.php?rest_route=%2Fwp%2Fv2%2Fcomments&post=8"}],"version-history":[{"count":6,"href":"https:\/\/coraxe.eu\/index.php?rest_route=\/wp\/v2\/pages\/8\/revisions"}],"predecessor-version":[{"id":39,"href":"https:\/\/coraxe.eu\/index.php?rest_route=\/wp\/v2\/pages\/8\/revisions\/39"}],"wp:attachment":[{"href":"https:\/\/coraxe.eu\/index.php?rest_route=%2Fwp%2Fv2%2Fmedia&parent=8"}],"curies":[{"name":"wp","href":"https:\/\/api.w.org\/{rel}","templated":true}]}}