{"id":17,"date":"2022-03-30T09:00:30","date_gmt":"2022-03-30T09:00:30","guid":{"rendered":"https:\/\/coraxe.eu\/?page_id=17"},"modified":"2022-03-30T09:25:30","modified_gmt":"2022-03-30T09:25:30","slug":"kontakt","status":"publish","type":"page","link":"https:\/\/coraxe.eu\/?page_id=17","title":{"rendered":"KONTAKT"},"content":{"rendered":"\n<p>Je\u015bli masz pytania zapraszamy do skorzystania z formularza kontaktowego b\u0105d\u017a przes\u0142aniu wiadomo\u015bci na adres biuro@coraxe.pl<\/p>\n\n\n<p class=\"wpcf7-contact-form-not-found\"><strong>B\u0142\u0105d:<\/strong> Brak formularza kontaktowego.<\/p>\n","protected":false},"excerpt":{"rendered":"<p>Je\u015bli masz pytania zapraszamy do skorzystania z formularza kontaktowego b\u0105d\u017a przes\u0142aniu wiadomo\u015bci na adres biuro@coraxe.pl<\/p>\n","protected":false},"author":1,"featured_media":0,"parent":0,"menu_order":3,"comment_status":"closed","ping_status":"closed","template":"","meta":{"footnotes":""},"class_list":["post-17","page","type-page","status-publish","hentry"],"_links":{"self":[{"href":"https:\/\/coraxe.eu\/index.php?rest_route=\/wp\/v2\/pages\/17","targetHints":{"allow":["GET"]}}],"collection":[{"href":"https:\/\/coraxe.eu\/index.php?rest_route=\/wp\/v2\/pages"}],"about":[{"href":"https:\/\/coraxe.eu\/index.php?rest_route=\/wp\/v2\/types\/page"}],"author":[{"embeddable":true,"href":"https:\/\/coraxe.eu\/index.php?rest_route=\/wp\/v2\/users\/1"}],"replies":[{"embeddable":true,"href":"https:\/\/coraxe.eu\/index.php?rest_route=%2Fwp%2Fv2%2Fcomments&post=17"}],"version-history":[{"count":6,"href":"https:\/\/coraxe.eu\/index.php?rest_route=\/wp\/v2\/pages\/17\/revisions"}],"predecessor-version":[{"id":30,"href":"https:\/\/coraxe.eu\/index.php?rest_route=\/wp\/v2\/pages\/17\/revisions\/30"}],"wp:attachment":[{"href":"https:\/\/coraxe.eu\/index.php?rest_route=%2Fwp%2Fv2%2Fmedia&parent=17"}],"curies":[{"name":"wp","href":"https:\/\/api.w.org\/{rel}","templated":true}]}}