{"id":15,"date":"2022-03-30T08:58:17","date_gmt":"2022-03-30T08:58:17","guid":{"rendered":"https:\/\/coraxe.eu\/?page_id=15"},"modified":"2024-03-29T08:54:01","modified_gmt":"2024-03-29T08:54:01","slug":"dlaczego-my","status":"publish","type":"page","link":"https:\/\/coraxe.eu\/?page_id=15","title":{"rendered":"Dlaczego my"},"content":{"rendered":"\n<p>&#8222;Dlaczego warto nam zaufa\u0107:<\/p>\n\n\n\n<ol class=\"wp-block-list\">\n<li><strong>Du\u017ca wiedza i do\u015bwiadczenie:<\/strong> Nasz zesp\u00f3\u0142 sk\u0142ada si\u0119 z ekspert\u00f3w posiadaj\u0105cych bogate do\u015bwiadczenie oraz g\u0142\u0119bok\u0105 wiedz\u0119 w dziedzinie wydruk\u00f3w sublimacyjnych, projektowania odzie\u017cy i krojenia dzianiny.<\/li>\n\n\n\n<li><strong>Umiej\u0119tne wykorzystanie najnowszych technologii:<\/strong> Stawiamy na innowacyjno\u015b\u0107 i ci\u0105g\u0142e doskonalenie naszych metod pracy, wykorzystuj\u0105c najnowsze technologie, co gwarantuje efektywno\u015b\u0107 i wysok\u0105 jako\u015b\u0107 naszych us\u0142ug.<\/li>\n\n\n\n<li><strong>Dba\u0142o\u015b\u0107 o detale:<\/strong> Ka\u017cdy szczeg\u00f3\u0142 ma znaczenie. Dbamy o najmniejsze elementy naszej pracy, aby zapewni\u0107 naszym klientom produkty i us\u0142ugi najwy\u017cszej jako\u015bci.<\/li>\n\n\n\n<li><strong>Dba\u0142o\u015b\u0107 o \u015brodowisko:<\/strong> Jeste\u015bmy \u015bwiadomi wp\u0142ywu naszej dzia\u0142alno\u015bci na \u015brodowisko, dlatego podejmujemy \u015brodki maj\u0105ce na celu minimalizowanie negatywnego oddzia\u0142ywania na planet\u0119.<\/li>\n\n\n\n<li><strong>Podej\u015bcie do ka\u017cdej czynno\u015bci z pasj\u0105:<\/strong> Pasja nap\u0119dza nasz\u0105 prac\u0119. Podchodzimy do ka\u017cdego projektu z zaanga\u017cowaniem i entuzjazmem, co przek\u0142ada si\u0119 na doskona\u0142e rezultaty.<\/li>\n<\/ol>\n\n\n\n<p>Wszystko to sprawia, \u017ce warto nam zaufa\u0107, a ka\u017cdy nowy klient pozostaje z nami na d\u0142u\u017cej, ciesz\u0105c si\u0119 naszym profesjonalizmem i jako\u015bci\u0105 \u015bwiadczonych us\u0142ug.&#8221;<\/p>\n\n\n\n<p><\/p>\n","protected":false},"excerpt":{"rendered":"<p>&#8222;Dlaczego warto nam zaufa\u0107: Wszystko to sprawia, \u017ce warto nam zaufa\u0107, a ka\u017cdy nowy klient pozostaje z nami na d\u0142u\u017cej, ciesz\u0105c si\u0119 naszym profesjonalizmem i jako\u015bci\u0105 \u015bwiadczonych us\u0142ug.&#8221;<\/p>\n","protected":false},"author":1,"featured_media":0,"parent":0,"menu_order":0,"comment_status":"closed","ping_status":"closed","template":"","meta":{"footnotes":""},"class_list":["post-15","page","type-page","status-publish","hentry"],"_links":{"self":[{"href":"https:\/\/coraxe.eu\/index.php?rest_route=\/wp\/v2\/pages\/15","targetHints":{"allow":["GET"]}}],"collection":[{"href":"https:\/\/coraxe.eu\/index.php?rest_route=\/wp\/v2\/pages"}],"about":[{"href":"https:\/\/coraxe.eu\/index.php?rest_route=\/wp\/v2\/types\/page"}],"author":[{"embeddable":true,"href":"https:\/\/coraxe.eu\/index.php?rest_route=\/wp\/v2\/users\/1"}],"replies":[{"embeddable":true,"href":"https:\/\/coraxe.eu\/index.php?rest_route=%2Fwp%2Fv2%2Fcomments&post=15"}],"version-history":[{"count":4,"href":"https:\/\/coraxe.eu\/index.php?rest_route=\/wp\/v2\/pages\/15\/revisions"}],"predecessor-version":[{"id":41,"href":"https:\/\/coraxe.eu\/index.php?rest_route=\/wp\/v2\/pages\/15\/revisions\/41"}],"wp:attachment":[{"href":"https:\/\/coraxe.eu\/index.php?rest_route=%2Fwp%2Fv2%2Fmedia&parent=15"}],"curies":[{"name":"wp","href":"https:\/\/api.w.org\/{rel}","templated":true}]}}